{"id":2793,"date":"2020-03-23T13:04:31","date_gmt":"2020-03-23T12:04:31","guid":{"rendered":"https:\/\/brainwave.com.pl\/?page_id=2793"},"modified":"2026-03-30T16:06:27","modified_gmt":"2026-03-30T14:06:27","slug":"webinary","status":"publish","type":"page","link":"https:\/\/brainwave.com.pl\/eng\/webinary\/","title":{"rendered":"Webinary"},"content":{"rendered":"<div class=\"wpb-content-wrapper\"><div id=\"kontakt\" data-vc-full-width=\"true\" data-vc-full-width-init=\"false\" data-vc-stretch-content=\"true\" class=\"vc_row wpb_row vc_row-fluid vc_row_661340941\"><div class=\"wpb_column vc_column_container vc_col-sm-12 vc_col-has-fill vc_column_mobile_element_alignment_left\"><div class=\"vc_column-inner vc_custom_1576673240994\"><div class=\"wpb_wrapper\"><div class=\"vc_row wpb_row vc_inner vc_row-fluid vc_row_1398806357\"><div class=\"wpb_column vc_column_container vc_col-sm-12\"><div class=\"vc_column-inner \"><div class=\"wpb_wrapper\"><div class=\"vc_empty_space\" id=\"form-point-1\"  style=\"height: 1px\"><span class=\"vc_empty_space_inner\"><\/span><\/div><h1 style=\"color: #710097;text-align: center;font-family:Hind;font-weight:700;font-style:normal\" class=\"vc_custom_heading kontakt-form-title\" >AI w Big Pharma<\/h1><h1 style=\"color: #710097;text-align: center;font-family:Hind;font-weight:700;font-style:normal\" class=\"vc_custom_heading kontakt-form-desc\" >Zapisz si\u0119 na webinar 8 kwietnia o 10.00 i dowiedz si\u0119 jak Moderna wsp\u00f3\u0142pracuje z Open AI<\/h1><\/div><\/div><\/div><style type=\"text\/css\"> .vc_row_1398806357:not(.vc_parallax):not(.jarallax) { overflow: center!important; position: relative; }<\/style><\/div><div class=\"vc_empty_space\"   style=\"height: 40px\"><span class=\"vc_empty_space_inner\"><\/span><\/div><div class=\"vc_row wpb_row vc_inner vc_row-fluid wider vc_row_1104988450\" style=\"width: 100%; max-width: 800px;margin-left: auto; margin-right: auto;\"><div class=\"none-padding-column wpb_column vc_column_container vc_col-sm-5\"><div class=\"vc_column-inner \"><div class=\"wpb_wrapper\">\n\t<div  class=\"wpb_single_image wpb_content_element vc_align_left  vc_custom_1576223338143  cooperation-image\">\n\t\t\n\t\t<figure class=\"wpb_wrapper vc_figure\">\n\t\t\t<div class=\"vc_single_image-wrapper   vc_box_border_grey\"><img width=\"657\" height=\"456\" src=\"https:\/\/brainwave.com.pl\/wp-content\/uploads\/2019\/12\/image-kontakt-wspolpraca-1.png\" class=\"vc_single_image-img attachment-full\" alt=\"\" decoding=\"async\" loading=\"lazy\" title=\"image-kontakt-wspolpraca\" srcset=\"https:\/\/brainwave.com.pl\/wp-content\/uploads\/2019\/12\/image-kontakt-wspolpraca-1.png 657w, https:\/\/brainwave.com.pl\/wp-content\/uploads\/2019\/12\/image-kontakt-wspolpraca-1-300x208.png 300w, https:\/\/brainwave.com.pl\/wp-content\/uploads\/2019\/12\/image-kontakt-wspolpraca-1-18x12.png 18w, https:\/\/brainwave.com.pl\/wp-content\/uploads\/2019\/12\/image-kontakt-wspolpraca-1-20x14.png 20w\" sizes=\"(max-width: 657px) 100vw, 657px\" \/><\/div>\n\t\t<\/figure>\n\t<\/div>\n<\/div><\/div><\/div><div class=\"none-padding-column wpb_column vc_column_container vc_col-sm-7\"><div class=\"vc_column-inner \"><div class=\"wpb_wrapper\">\n<div class=\"wpcf7 no-js\" id=\"wpcf7-f2780-o1\" lang=\"en-US\" dir=\"ltr\">\n<div class=\"screen-reader-response\"><p role=\"status\" aria-live=\"polite\" aria-atomic=\"true\"><\/p> <ul><\/ul><\/div>\n<form action=\"\/eng\/wp-json\/wp\/v2\/pages\/2793#wpcf7-f2780-o1\" method=\"post\" class=\"wpcf7-form init\" aria-label=\"Contact form\" novalidate=\"novalidate\" data-status=\"init\">\n<div style=\"display: none;\">\n<input type=\"hidden\" name=\"_wpcf7\" value=\"2780\" \/>\n<input type=\"hidden\" name=\"_wpcf7_version\" value=\"5.8.6\" \/>\n<input type=\"hidden\" name=\"_wpcf7_locale\" value=\"en_US\" \/>\n<input type=\"hidden\" name=\"_wpcf7_unit_tag\" value=\"wpcf7-f2780-o1\" \/>\n<input type=\"hidden\" name=\"_wpcf7_container_post\" value=\"0\" \/>\n<input type=\"hidden\" name=\"_wpcf7_posted_data_hash\" value=\"\" \/>\n<\/div>\n<div class=\"sh-cf7-body\"><p style=\"color:#710097!important;\"> Adopcja AI w Pharma: Kasia Dopiera\u0142a z Moderna opowie jak firma wsp\u00f3\u0142pracuje z Open AI i o co chodzi z ChatGPT Enterprise. Prowadzi Irek Pi\u0119towski. Aby uczestniczy\u0107, wype\u0142nij poni\u017cszy formularz.\n<\/p>\n<style>\n\/* --- MIEJSCE DO DODANIA CSS POPRAWIAJ\u0104CEGO WIDOCZNO\u015a\u0106 POLA ROZWIJANEGO --- *\/\nselect {\n position: relative;\n z-index: 10;\n background: white;\n}\n\n.col-sm-12.col-md-12.col-lg-12 {\n margin-bottom: 1.5em;\n}\n\n\/* Zmiana koloru tekstu na #710097 wsz\u0119dzie tam, gdzie by\u0142 czarny *\/\n.custom-form label,\n.custom-form p,\n.custom-form div {\n color: #710097 !important;\n}\n\n\/* NOWE: Kolor dla p\u00f3l input (w tym tel) *\/\n.custom-form input[type=\"text\"],\n.custom-form input[type=\"email\"],\n.custom-form input[type=\"tel\"] {\n color: #710097 !important;\n background: white !important;\n}\n\n.custom-form input::placeholder {\n color: #710097 !important;\n opacity: 1 !important;\n}\n\n.custom-form input::-webkit-input-placeholder { color: #710097 !important; }\n.custom-form input::-moz-placeholder { color: #710097 !important; }\n.custom-form input:-ms-input-placeholder { color: #710097 !important; }\n\n\/* Styl przycisku *\/\n.form-btn {\n background-color: #710097 !important;\n color: white !important;\n border: none !important;\n padding: 10px 20px;\n font-weight: bold;\n cursor: pointer;\n border-radius: 4px;\n transition: background-color 0.3s ease;\n}\n\n.form-btn:hover {\n background-color: #55006e !important;\n}\n<\/style>\n<div class=\"custom-form\" id=\"contact-form\">\n\t<div class=\"col-sm-12 col-md-12 col-lg-6\">\n\t\t<p><label> Imi\u0119*<br \/>\n<span class=\"wpcf7-form-control-wrap\" data-name=\"your-name\"><input size=\"40\" class=\"wpcf7-form-control wpcf7-text wpcf7-validates-as-required\" aria-required=\"true\" aria-invalid=\"false\" value=\"\" type=\"text\" name=\"your-name\" \/><\/span> <\/label>\n\t\t<\/p>\n\t<\/div>\n\t<div class=\"col-sm-12 col-md-12 col-lg-6\">\n\t\t<p><label> Nazwisko*<br \/>\n<span class=\"wpcf7-form-control-wrap\" data-name=\"your-surname\"><input size=\"40\" class=\"wpcf7-form-control wpcf7-text wpcf7-validates-as-required\" aria-required=\"true\" aria-invalid=\"false\" value=\"\" type=\"text\" name=\"your-surname\" \/><\/span> <\/label>\n\t\t<\/p>\n\t<\/div>\n\t<div class=\"col-sm-12 col-md-12 col-lg-12\">\n\t\t<p><label> E-mail*<br \/>\n<span class=\"wpcf7-form-control-wrap\" data-name=\"your-email\"><input size=\"40\" class=\"wpcf7-form-control wpcf7-email wpcf7-validates-as-required wpcf7-text wpcf7-validates-as-email\" aria-required=\"true\" aria-invalid=\"false\" value=\"\" type=\"email\" name=\"your-email\" \/><\/span> <\/label>\n\t\t<\/p>\n\t<\/div>\n\t<div class=\"col-sm-12 col-md-12 col-lg-12\">\n\t\t<p><label> Numer telefonu*<br \/>\n<span class=\"wpcf7-form-control-wrap\" data-name=\"tel-938\"><input size=\"40\" maxlength=\"11\" minlength=\"9\" class=\"wpcf7-form-control wpcf7-tel wpcf7-validates-as-required wpcf7-text wpcf7-validates-as-tel\" aria-required=\"true\" aria-invalid=\"false\" value=\"\" type=\"tel\" name=\"tel-938\" \/><\/span> <\/label>\n\t\t<\/p>\n\t<\/div>\n\t<div class=\"col-sm-12 col-md-12 col-lg-12\">\n\t\t<p><label> Wybieram wydarzenie*<br \/>\n<span class=\"wpcf7-form-control-wrap\" data-name=\"menu-579\"><select class=\"wpcf7-form-control wpcf7-select wpcf7-validates-as-required\" aria-required=\"true\" aria-invalid=\"false\" name=\"menu-579\"><option value=\"\">&#8212;Please choose an option&#8212;<\/option><option value=\"8.04 g. 10.00: AI w Pharma\">8.04 g. 10.00: AI w Pharma<\/option><\/select><\/span> <\/label>\n\t\t<\/p>\n\t<\/div>\n\t<div class=\"col-sm-12 col-md-12 col-lg-12\">\n\t\t<div style=\"line-height: 1;\">\n\t\t\t<p><span class=\"wpcf7-form-control-wrap\" data-name=\"acceptance-994\"><span class=\"wpcf7-form-control wpcf7-acceptance\"><span class=\"wpcf7-list-item\"><label><input type=\"checkbox\" name=\"acceptance-994\" value=\"1\" aria-invalid=\"false\" \/><span class=\"wpcf7-list-item-label\">*Wyra\u017cam zgod\u0119 na przetwarzanie moich danych osobowych przez Brainwave Sp. z o.o., z siedzib\u0105 w Warszawie, ul. Czackiego 15\/17, w celu przyj\u0119cia zg\u0142oszenia na wydarzenie, informowaniu o dokonanej rejestracji oraz w celach marketingowych zgodnie z Polityk\u0105 Prywatno\u015bci. Zosta\u0142em\/-\u0142am poinformowany\/-na o przys\u0142uguj\u0105cym mi prawie dost\u0119pu do tre\u015bci swoich danych oraz prawie ich poprawiania. Swoje dane osobowe podaj\u0119 dobrowolnie.<\/span><\/label><\/span><\/span><\/span>\n\t\t\t<\/p>\n\t\t<\/div>\n\t\t<div class=\"col-sm-12 col-md-6 col-lg-6 col-xl-4 tablet-button\">\n\t\t\t<p><input class=\"wpcf7-form-control wpcf7-submit has-spinner form-btn\" id=\"form-btn\" type=\"submit\" value=\"Zapisuj\u0119 si\u0119\" \/>\n\t\t\t<\/p>\n\t\t<\/div>\n\t<\/div>\n<\/div><\/div><div class=\"wpcf7-response-output\" aria-hidden=\"true\"><\/div>\n<\/form>\n<\/div>\n<\/div><\/div><\/div><\/div><div class=\"vc_empty_space\"   style=\"height: 50px\"><span class=\"vc_empty_space_inner\"><\/span><\/div><\/div><\/div><\/div><style type=\"text\/css\">@media (max-width: 800px) { #content .vc_row_661340941, .sh-footer-template .vc_row_661340941, .sh-header-template .vc_row_661340941 { padding: 0px 0px 0px 0px!important;}} .vc_row_661340941 { background-position: left center!important; }<\/style><\/div><div class=\"vc_row-full-width vc_clearfix\"><\/div><div class=\"vc_row wpb_row vc_row-fluid vc_row_1196269840\"><div class=\"wpb_column vc_column_container vc_col-sm-12 vc_column_1935638528\"><div class=\"vc_column-inner \"><div class=\"wpb_wrapper\">\n\t<div class=\"wpb_raw_code wpb_raw_js\" >\n\t\t<div class=\"wpb_wrapper\">\n\t\t\t<script>\ndocument.addEventListener('DOMContentLoaded', () => {\n\nparticlesJS(\"particle\",{particles:{number:{value:9,density:{enable:!0,value_area:800}},color:{value:\"#d0a7de\"},shape:{type:\"circle\",stroke:{width:0,color:\"#000000\"},polygon:{nb_sides:6},image:{src:\"img\/github.svg\",width:100,height:100}},opacity:{value:.5,random:!1,anim:{enable:!1,speed:1,opacity_min:.1,sync:!1}},size:{value:15.782952832645451,random:!0,anim:{enable:!1,speed:40,size_min:.1,sync:!1}},line_linked:{enable:!1,distance:150,color:\"#ffffff\",opacity:.4,width:1},move:{enable:!0,speed:2,direction:\"none\",random:!1,straight:!1,out_mode:\"out\",bounce:!1,attract:{enable:!1,rotateX:600,rotateY:1200}}},interactivity:{detect_on:\"canvas\",events:{onhover:{enable:!1,mode:\"repulse\"},onclick:{enable:0,mode:\"push\"},resize:!0},modes:{grab:{distance:400,line_linked:{opacity:1}},bubble:{distance:400,size:40,duration:2,opacity:8,speed:3},repulse:{distance:200,duration:.4},push:{particles_nb:4},remove:{particles_nb:2}}},retina_detect:!0});\n\n\nparticlesJS(\"particle1\",{particles:{number:{value:19,density:{enable:!0,value_area:800}},color:{value:\"#d0a7de\"},shape:{type:\"circle\",stroke:{width:0,color:\"#000000\"},polygon:{nb_sides:6},image:{src:\"img\/github.svg\",width:100,height:100}},opacity:{value:.5,random:!1,anim:{enable:!1,speed:1,opacity_min:.1,sync:!1}},size:{value:15.782952832645451,random:!0,anim:{enable:!1,speed:40,size_min:.1,sync:!1}},line_linked:{enable:!1,distance:150,color:\"#ffffff\",opacity:.4,width:1},move:{enable:!0,speed:2,direction:\"none\",random:!1,straight:!1,out_mode:\"out\",bounce:!1,attract:{enable:!1,rotateX:600,rotateY:1200}}},interactivity:{detect_on:\"canvas\",events:{onhover:{enable:!1,mode:\"repulse\"},onclick:{enable:0,mode:\"push\"},resize:!0},modes:{grab:{distance:400,line_linked:{opacity:1}},bubble:{distance:400,size:40,duration:2,opacity:8,speed:3},repulse:{distance:200,duration:.4},push:{particles_nb:4},remove:{particles_nb:2}}},retina_detect:!0});\n\n\nif(document.location.hash === '#form-point'){\nsetTimeout(()=>{\ndocument.querySelector('#form-point-1').scrollIntoView();\n},600)\n}\n\n}, false);\n<\/script>\n\t\t<\/div>\n\t<\/div>\n<style type=\"text\/css\"> .vc_column_1935638528:not(.vc_parallax):not(.jarallax) { overflow: center!important; position: relative; }<\/style><\/div><\/div><\/div><style type=\"text\/css\"> .vc_row_1196269840:not(.vc_parallax) { overflow: center!important; position: relative; }<\/style><\/div>\n<\/div>","protected":false},"excerpt":{"rendered":"<p>AI w Big PharmaZapisz si\u0119 na webinar 8 kwietnia o 10.00 i dowiedz si\u0119 jak Moderna wsp\u00f3\u0142pracuje z Open AI Adopcja AI w Pharma: Kasia Dopiera\u0142a z Moderna opowie jak firma wsp\u00f3\u0142pracuje z Open AI i o co chodzi z ChatGPT Enterprise. Prowadzi Irek Pi\u0119towski&#8230;.<\/p>","protected":false},"author":2,"featured_media":0,"parent":0,"menu_order":0,"comment_status":"closed","ping_status":"closed","template":"","meta":[],"yoast_head":"<!-- This site is optimized with the Yoast SEO plugin v21.6 - https:\/\/yoast.com\/wordpress\/plugins\/seo\/ -->\n<title>Zapisy na nasze online&#039;owe wydarzenia - Brainwave<\/title>\n<meta name=\"description\" content=\"Prowadzimy spotkania, webinary i transmisje live wok\u00f3\u0142 tematu Design Thinking oraz kultury orhanizacyjnej. Wype\u0142nij formularz i do\u0142\u0105cz.\" \/>\n<meta name=\"robots\" content=\"index, follow, max-snippet:-1, max-image-preview:large, max-video-preview:-1\" \/>\n<link rel=\"canonical\" href=\"https:\/\/brainwave.com.pl\/eng\/webinary\/\" \/>\n<meta property=\"og:locale\" content=\"en_GB\" \/>\n<meta property=\"og:type\" content=\"article\" \/>\n<meta property=\"og:title\" content=\"Zapisy na nasze online&#039;owe wydarzenia - Brainwave\" \/>\n<meta property=\"og:description\" content=\"Prowadzimy spotkania, webinary i transmisje live wok\u00f3\u0142 tematu Design Thinking oraz kultury orhanizacyjnej. Wype\u0142nij formularz i do\u0142\u0105cz.\" \/>\n<meta property=\"og:url\" content=\"https:\/\/brainwave.com.pl\/eng\/webinary\/\" \/>\n<meta property=\"og:site_name\" content=\"Brainwave\" \/>\n<meta property=\"article:publisher\" content=\"https:\/\/www.facebook.com\/brainwavecompl\" \/>\n<meta property=\"article:modified_time\" content=\"2026-03-30T14:06:27+00:00\" \/>\n<meta name=\"twitter:card\" content=\"summary_large_image\" \/>\n<meta name=\"twitter:label1\" content=\"Estimated reading time\" \/>\n\t<meta name=\"twitter:data1\" content=\"1 minute\" \/>\n<script type=\"application\/ld+json\" class=\"yoast-schema-graph\">{\"@context\":\"https:\/\/schema.org\",\"@graph\":[{\"@type\":\"WebPage\",\"@id\":\"https:\/\/brainwave.com.pl\/webinary\/\",\"url\":\"https:\/\/brainwave.com.pl\/webinary\/\",\"name\":\"Zapisy na nasze online'owe wydarzenia - Brainwave\",\"isPartOf\":{\"@id\":\"https:\/\/brainwave.com.pl\/#website\"},\"datePublished\":\"2020-03-23T12:04:31+00:00\",\"dateModified\":\"2026-03-30T14:06:27+00:00\",\"description\":\"Prowadzimy spotkania, webinary i transmisje live wok\u00f3\u0142 tematu Design Thinking oraz kultury orhanizacyjnej. Wype\u0142nij formularz i do\u0142\u0105cz.\",\"breadcrumb\":{\"@id\":\"https:\/\/brainwave.com.pl\/webinary\/#breadcrumb\"},\"inLanguage\":\"en-GB\",\"potentialAction\":[{\"@type\":\"ReadAction\",\"target\":[\"https:\/\/brainwave.com.pl\/webinary\/\"]}]},{\"@type\":\"BreadcrumbList\",\"@id\":\"https:\/\/brainwave.com.pl\/webinary\/#breadcrumb\",\"itemListElement\":[{\"@type\":\"ListItem\",\"position\":1,\"name\":\"Home\",\"item\":\"https:\/\/brainwave.com.pl\/\"},{\"@type\":\"ListItem\",\"position\":2,\"name\":\"Webinary\"}]},{\"@type\":\"WebSite\",\"@id\":\"https:\/\/brainwave.com.pl\/#website\",\"url\":\"https:\/\/brainwave.com.pl\/\",\"name\":\"Brainwave\",\"description\":\"Brainwave\",\"publisher\":{\"@id\":\"https:\/\/brainwave.com.pl\/#organization\"},\"potentialAction\":[{\"@type\":\"SearchAction\",\"target\":{\"@type\":\"EntryPoint\",\"urlTemplate\":\"https:\/\/brainwave.com.pl\/?s={search_term_string}\"},\"query-input\":\"required name=search_term_string\"}],\"inLanguage\":\"en-GB\"},{\"@type\":\"Organization\",\"@id\":\"https:\/\/brainwave.com.pl\/#organization\",\"name\":\"Brainwave\",\"url\":\"https:\/\/brainwave.com.pl\/\",\"logo\":{\"@type\":\"ImageObject\",\"inLanguage\":\"en-GB\",\"@id\":\"https:\/\/brainwave.com.pl\/#\/schema\/logo\/image\/\",\"url\":\"https:\/\/brainwave.com.pl\/wp-content\/uploads\/2018\/11\/logo.png\",\"contentUrl\":\"https:\/\/brainwave.com.pl\/wp-content\/uploads\/2018\/11\/logo.png\",\"width\":154,\"height\":70,\"caption\":\"Brainwave\"},\"image\":{\"@id\":\"https:\/\/brainwave.com.pl\/#\/schema\/logo\/image\/\"},\"sameAs\":[\"https:\/\/www.facebook.com\/brainwavecompl\",\"https:\/\/www.instagram.com\/brainwave.com.pl\/\",\"https:\/\/www.linkedin.com\/company\/10358189\/admin\/\"]}]}<\/script>\n<!-- \/ Yoast SEO plugin. -->","yoast_head_json":{"title":"Zapisy na nasze online'owe wydarzenia - Brainwave","description":"Prowadzimy spotkania, webinary i transmisje live wok\u00f3\u0142 tematu Design Thinking oraz kultury orhanizacyjnej. Wype\u0142nij formularz i do\u0142\u0105cz.","robots":{"index":"index","follow":"follow","max-snippet":"max-snippet:-1","max-image-preview":"max-image-preview:large","max-video-preview":"max-video-preview:-1"},"canonical":"https:\/\/brainwave.com.pl\/eng\/webinary\/","og_locale":"en_GB","og_type":"article","og_title":"Zapisy na nasze online'owe wydarzenia - Brainwave","og_description":"Prowadzimy spotkania, webinary i transmisje live wok\u00f3\u0142 tematu Design Thinking oraz kultury orhanizacyjnej. Wype\u0142nij formularz i do\u0142\u0105cz.","og_url":"https:\/\/brainwave.com.pl\/eng\/webinary\/","og_site_name":"Brainwave","article_publisher":"https:\/\/www.facebook.com\/brainwavecompl","article_modified_time":"2026-03-30T14:06:27+00:00","twitter_card":"summary_large_image","twitter_misc":{"Estimated reading time":"1 minute"},"schema":{"@context":"https:\/\/schema.org","@graph":[{"@type":"WebPage","@id":"https:\/\/brainwave.com.pl\/webinary\/","url":"https:\/\/brainwave.com.pl\/webinary\/","name":"Zapisy na nasze online'owe wydarzenia - Brainwave","isPartOf":{"@id":"https:\/\/brainwave.com.pl\/#website"},"datePublished":"2020-03-23T12:04:31+00:00","dateModified":"2026-03-30T14:06:27+00:00","description":"Prowadzimy spotkania, webinary i transmisje live wok\u00f3\u0142 tematu Design Thinking oraz kultury orhanizacyjnej. Wype\u0142nij formularz i do\u0142\u0105cz.","breadcrumb":{"@id":"https:\/\/brainwave.com.pl\/webinary\/#breadcrumb"},"inLanguage":"en-GB","potentialAction":[{"@type":"ReadAction","target":["https:\/\/brainwave.com.pl\/webinary\/"]}]},{"@type":"BreadcrumbList","@id":"https:\/\/brainwave.com.pl\/webinary\/#breadcrumb","itemListElement":[{"@type":"ListItem","position":1,"name":"Home","item":"https:\/\/brainwave.com.pl\/"},{"@type":"ListItem","position":2,"name":"Webinary"}]},{"@type":"WebSite","@id":"https:\/\/brainwave.com.pl\/#website","url":"https:\/\/brainwave.com.pl\/","name":"Brainwave","description":"Brainwave","publisher":{"@id":"https:\/\/brainwave.com.pl\/#organization"},"potentialAction":[{"@type":"SearchAction","target":{"@type":"EntryPoint","urlTemplate":"https:\/\/brainwave.com.pl\/?s={search_term_string}"},"query-input":"required name=search_term_string"}],"inLanguage":"en-GB"},{"@type":"Organization","@id":"https:\/\/brainwave.com.pl\/#organization","name":"Brainwave","url":"https:\/\/brainwave.com.pl\/","logo":{"@type":"ImageObject","inLanguage":"en-GB","@id":"https:\/\/brainwave.com.pl\/#\/schema\/logo\/image\/","url":"https:\/\/brainwave.com.pl\/wp-content\/uploads\/2018\/11\/logo.png","contentUrl":"https:\/\/brainwave.com.pl\/wp-content\/uploads\/2018\/11\/logo.png","width":154,"height":70,"caption":"Brainwave"},"image":{"@id":"https:\/\/brainwave.com.pl\/#\/schema\/logo\/image\/"},"sameAs":["https:\/\/www.facebook.com\/brainwavecompl","https:\/\/www.instagram.com\/brainwave.com.pl\/","https:\/\/www.linkedin.com\/company\/10358189\/admin\/"]}]}},"_links":{"self":[{"href":"https:\/\/brainwave.com.pl\/eng\/wp-json\/wp\/v2\/pages\/2793"}],"collection":[{"href":"https:\/\/brainwave.com.pl\/eng\/wp-json\/wp\/v2\/pages"}],"about":[{"href":"https:\/\/brainwave.com.pl\/eng\/wp-json\/wp\/v2\/types\/page"}],"author":[{"embeddable":true,"href":"https:\/\/brainwave.com.pl\/eng\/wp-json\/wp\/v2\/users\/2"}],"replies":[{"embeddable":true,"href":"https:\/\/brainwave.com.pl\/eng\/wp-json\/wp\/v2\/comments?post=2793"}],"version-history":[{"count":27,"href":"https:\/\/brainwave.com.pl\/eng\/wp-json\/wp\/v2\/pages\/2793\/revisions"}],"predecessor-version":[{"id":4151,"href":"https:\/\/brainwave.com.pl\/eng\/wp-json\/wp\/v2\/pages\/2793\/revisions\/4151"}],"wp:attachment":[{"href":"https:\/\/brainwave.com.pl\/eng\/wp-json\/wp\/v2\/media?parent=2793"}],"curies":[{"name":"wp","href":"https:\/\/api.w.org\/{rel}","templated":true}]}}